{"id":3543,"date":"2018-06-08T10:57:26","date_gmt":"2018-06-08T10:57:26","guid":{"rendered":"https:\/\/www.eneroarquitectura.com?page_id=3543"},"modified":"2021-01-17T10:55:51","modified_gmt":"2021-01-17T10:55:51","slug":"politica-de-qualitat-i-medi-ambient","status":"publish","type":"page","link":"https:\/\/www.eneroarquitectura.com\/ca\/politica-de-qualitat-i-medi-ambient\/","title":{"rendered":"Pol\u00edtica de qualitat i medi ambient"},"content":{"rendered":"<p>[vc_row][vc_column offset=&#8221;vc_col-lg-4 vc_col-md-12 vc_col-xs-12&#8243;][vc_column_text]<\/p>\n<h3 style=\"margin-top: 0;\"><span style=\"color: #bfa78a;\">Pol\u00edtica de qualitat i medi ambient<\/span><\/h3>\n<p>[\/vc_column_text][\/vc_column][vc_column offset=&#8221;vc_col-lg-8 vc_col-md-12 vc_col-xs-12&#8243;][vc_column_text]ENERO Arquitectura est\u00e0 compromesa amb la qualitat i el desenvolupament sostenible dels projectes i obres que realitzem per a garantir la m\u00e0xima satisfacci\u00f3 dels nostres clients i respecte pel medi ambient i la sostenibilitat.<\/p>\n<p>&nbsp;<\/p>\n<p>ENERO Arquitectura disposa d&#8217;un Sistema de Gesti\u00f3 de Qualitat i Ambiental, basat en les normes UNE-EN-ISO 9001:2015 i UNE-EN-ISO 14001:2015. La Direcci\u00f3 de ENERO Arquitectura es compromet a complir i comunicar els seg\u00fcents valors i compromisos:<\/p>\n<p>&nbsp;<\/p>\n<ol>\n<li>Millorar cont\u00ednuament l&#8217;efic\u00e0cia dels processos a trav\u00e9s del Sistema de Gesti\u00f3 de Qualitat de l&#8217;organitzaci\u00f3 i el seu control.<\/li>\n<li>Enfocament de la Direcci\u00f3 orientat a la millora cont\u00ednua, actualitzant els nostres processos interns i codis de bones pr\u00e0ctiques, incrementant la qualitat dels nostres projectes i l&#8217;expectativa dels nostres clients.<\/li>\n<li>Complir amb els requisits del client, els legals i reglamentaris d&#8217;obligat compliment i els establerts internament.<\/li>\n<li>Impulsar una cultura en l&#8217;organitzaci\u00f3 que permeti anticipar-se a les necessitats dels nostres clients, amb l&#8217;objectiu de superar les seves expectatives.<\/li>\n<li>Fomentar la participaci\u00f3 dels treballadors i el seu desenvolupament personal i professional.<\/li>\n<li>Desenvolupar les nostres activitats amb respecte al medi ambient i protecci\u00f3 de la biodiversitat, mitjan\u00e7ant l&#8217;\u00fas sostenible de recursos per a contribuir a la protecci\u00f3 ambiental, desenvolupament sostenible i prevenci\u00f3 de la contaminaci\u00f3.<\/li>\n<\/ol>\n<p>&nbsp;<\/p>\n<p>La qualitat i gesti\u00f3 ambiental \u00e9s un comprom\u00eds i responsabilitat de tot el personal de ENERO Arquitectura i participen de manera activa en el manteniment i millora cont\u00ednua del nostre Sistema de Gesti\u00f3 de Qualitat i Ambiental.<\/p>\n<p>&nbsp;<\/p>\n<p>La Direcci\u00f3 es compromet a disposar dels recursos humans i materials necessaris per a complir amb els requisits de les activitats que es desenvolupen, els objectius i millorar cont\u00ednuament l&#8217;efic\u00e0cia del nostre Sistema de Gesti\u00f3 de Qualitat i Ambiental. Aquesta pol\u00edtica de la qualitat i ambiental \u00e9s revisada anualment per a la seva adequaci\u00f3 al context de l&#8217;organitzaci\u00f3 i direcci\u00f3 estrat\u00e8gica. Es comunica i est\u00e0 disponible per a les parts interessades pertinents.<\/p>\n<p>&nbsp;<\/p>\n<p>La Direcci\u00f3 de ENERO Arquitectura, a un d&#8217;octubre de 2019.[\/vc_column_text][\/vc_column][\/vc_row]<\/p>\n","protected":false},"excerpt":{"rendered":"<p>[vc_row][vc_column offset=&#8221;vc_col-lg-4 vc_col-md-12 vc_col-xs-12&#8243;][vc_column_text] Pol\u00edtica de qualitat i medi ambient [\/vc_column_text][\/vc_column][vc_column offset=&#8221;vc_col-lg-8 vc_col-md-12 vc_col-xs-12&#8243;][vc_column_text]ENERO Arquitectura est\u00e0 compromesa amb la qualitat i el desenvolupament sostenible dels projectes i obres que realitzem per a garantir la m\u00e0xima satisfacci\u00f3 dels nostres clients i [&hellip;]<\/p>\n","protected":false},"author":1,"featured_media":0,"parent":0,"menu_order":0,"comment_status":"closed","ping_status":"closed","template":"","meta":{"footnotes":""},"class_list":["post-3543","page","type-page","status-publish","hentry"],"yoast_head":"<!-- This site is optimized with the Yoast SEO plugin v26.4 - https:\/\/yoast.com\/wordpress\/plugins\/seo\/ -->\n<title>Pol\u00edtica de qualitat i medi ambient | Enero Arquitectura<\/title>\n<meta name=\"robots\" content=\"index, follow, max-snippet:-1, max-image-preview:large, max-video-preview:-1\" \/>\n<link rel=\"canonical\" href=\"https:\/\/www.eneroarquitectura.com\/ca\/politica-de-qualitat-i-medi-ambient\/\" \/>\n<meta property=\"og:locale\" content=\"ca_ES\" \/>\n<meta property=\"og:type\" content=\"article\" \/>\n<meta property=\"og:title\" content=\"Pol\u00edtica de qualitat i medi ambient | Enero Arquitectura\" \/>\n<meta property=\"og:description\" content=\"[vc_row][vc_column offset=&#8221;vc_col-lg-4 vc_col-md-12 vc_col-xs-12&#8243;][vc_column_text] Pol\u00edtica de qualitat i medi ambient [\/vc_column_text][\/vc_column][vc_column offset=&#8221;vc_col-lg-8 vc_col-md-12 vc_col-xs-12&#8243;][vc_column_text]ENERO Arquitectura est\u00e0 compromesa amb la qualitat i el desenvolupament sostenible dels projectes i obres que realitzem per a garantir la m\u00e0xima satisfacci\u00f3 dels nostres clients i [&hellip;]\" \/>\n<meta property=\"og:url\" content=\"https:\/\/www.eneroarquitectura.com\/ca\/politica-de-qualitat-i-medi-ambient\/\" \/>\n<meta property=\"og:site_name\" content=\"Enero Arquitectura\" \/>\n<meta property=\"article:publisher\" content=\"https:\/\/es-es.facebook.com\/eneroarquitectura\/\" \/>\n<meta property=\"article:modified_time\" content=\"2021-01-17T10:55:51+00:00\" \/>\n<meta property=\"og:image\" content=\"https:\/\/www.eneroarquitectura.com\/wp-content\/uploads\/2021\/12\/LOGO-ENERO2.png\" \/>\n\t<meta property=\"og:image:width\" content=\"2382\" \/>\n\t<meta property=\"og:image:height\" content=\"365\" \/>\n\t<meta property=\"og:image:type\" content=\"image\/png\" \/>\n<meta name=\"twitter:card\" content=\"summary_large_image\" \/>\n<meta name=\"twitter:site\" content=\"@eneroarq\" \/>\n<meta name=\"twitter:label1\" content=\"Temps estimat de lectura\" \/>\n\t<meta name=\"twitter:data1\" content=\"2 minuts\" \/>\n<script type=\"application\/ld+json\" class=\"yoast-schema-graph\">{\"@context\":\"https:\/\/schema.org\",\"@graph\":[{\"@type\":\"WebPage\",\"@id\":\"https:\/\/www.eneroarquitectura.com\/ca\/politica-de-qualitat-i-medi-ambient\/\",\"url\":\"https:\/\/www.eneroarquitectura.com\/ca\/politica-de-qualitat-i-medi-ambient\/\",\"name\":\"Pol\u00edtica de qualitat i medi ambient | Enero Arquitectura\",\"isPartOf\":{\"@id\":\"https:\/\/www.eneroarquitectura.com\/#website\"},\"datePublished\":\"2018-06-08T10:57:26+00:00\",\"dateModified\":\"2021-01-17T10:55:51+00:00\",\"breadcrumb\":{\"@id\":\"https:\/\/www.eneroarquitectura.com\/ca\/politica-de-qualitat-i-medi-ambient\/#breadcrumb\"},\"inLanguage\":\"ca\",\"potentialAction\":[{\"@type\":\"ReadAction\",\"target\":[\"https:\/\/www.eneroarquitectura.com\/ca\/politica-de-qualitat-i-medi-ambient\/\"]}]},{\"@type\":\"BreadcrumbList\",\"@id\":\"https:\/\/www.eneroarquitectura.com\/ca\/politica-de-qualitat-i-medi-ambient\/#breadcrumb\",\"itemListElement\":[{\"@type\":\"ListItem\",\"position\":1,\"name\":\"Portada\",\"item\":\"https:\/\/www.eneroarquitectura.com\/ca\/\"},{\"@type\":\"ListItem\",\"position\":2,\"name\":\"Pol\u00edtica de qualitat i medi ambient\"}]},{\"@type\":\"WebSite\",\"@id\":\"https:\/\/www.eneroarquitectura.com\/#website\",\"url\":\"https:\/\/www.eneroarquitectura.com\/\",\"name\":\"Enero Arquitectura\",\"description\":\"Estudio de arquitectura, referente de la arquitectura hospitalaria en Espa\u00f1a, con m\u00e1s de 2.000.000 m2 de proyectos realizados.\",\"publisher\":{\"@id\":\"https:\/\/www.eneroarquitectura.com\/#organization\"},\"potentialAction\":[{\"@type\":\"SearchAction\",\"target\":{\"@type\":\"EntryPoint\",\"urlTemplate\":\"https:\/\/www.eneroarquitectura.com\/?s={search_term_string}\"},\"query-input\":{\"@type\":\"PropertyValueSpecification\",\"valueRequired\":true,\"valueName\":\"search_term_string\"}}],\"inLanguage\":\"ca\"},{\"@type\":\"Organization\",\"@id\":\"https:\/\/www.eneroarquitectura.com\/#organization\",\"name\":\"ENERO ARQUITECTURA SLP\",\"url\":\"https:\/\/www.eneroarquitectura.com\/\",\"logo\":{\"@type\":\"ImageObject\",\"inLanguage\":\"ca\",\"@id\":\"https:\/\/www.eneroarquitectura.com\/#\/schema\/logo\/image\/\",\"url\":\"https:\/\/www.eneroarquitectura.com\/wp-content\/uploads\/2021\/12\/LOGO-ENERO2.png\",\"contentUrl\":\"https:\/\/www.eneroarquitectura.com\/wp-content\/uploads\/2021\/12\/LOGO-ENERO2.png\",\"width\":2382,\"height\":365,\"caption\":\"ENERO ARQUITECTURA SLP\"},\"image\":{\"@id\":\"https:\/\/www.eneroarquitectura.com\/#\/schema\/logo\/image\/\"},\"sameAs\":[\"https:\/\/es-es.facebook.com\/eneroarquitectura\/\",\"https:\/\/x.com\/eneroarq\",\"https:\/\/www.instagram.com\/eneroarquitectura\/?hl=es\",\"https:\/\/es.linkedin.com\/company\/eneroarquitectura\",\"https:\/\/www.pinterest.es\/eneroarq\/\",\"https:\/\/www.youtube.com\/channel\/UClpI42aeTDSRoK9Ldx8cACw\"]}]}<\/script>\n<!-- \/ Yoast SEO plugin. -->","yoast_head_json":{"title":"Pol\u00edtica de qualitat i medi ambient | Enero Arquitectura","robots":{"index":"index","follow":"follow","max-snippet":"max-snippet:-1","max-image-preview":"max-image-preview:large","max-video-preview":"max-video-preview:-1"},"canonical":"https:\/\/www.eneroarquitectura.com\/ca\/politica-de-qualitat-i-medi-ambient\/","og_locale":"ca_ES","og_type":"article","og_title":"Pol\u00edtica de qualitat i medi ambient | Enero Arquitectura","og_description":"[vc_row][vc_column offset=&#8221;vc_col-lg-4 vc_col-md-12 vc_col-xs-12&#8243;][vc_column_text] Pol\u00edtica de qualitat i medi ambient [\/vc_column_text][\/vc_column][vc_column offset=&#8221;vc_col-lg-8 vc_col-md-12 vc_col-xs-12&#8243;][vc_column_text]ENERO Arquitectura est\u00e0 compromesa amb la qualitat i el desenvolupament sostenible dels projectes i obres que realitzem per a garantir la m\u00e0xima satisfacci\u00f3 dels nostres clients i [&hellip;]","og_url":"https:\/\/www.eneroarquitectura.com\/ca\/politica-de-qualitat-i-medi-ambient\/","og_site_name":"Enero Arquitectura","article_publisher":"https:\/\/es-es.facebook.com\/eneroarquitectura\/","article_modified_time":"2021-01-17T10:55:51+00:00","og_image":[{"width":2382,"height":365,"url":"https:\/\/www.eneroarquitectura.com\/wp-content\/uploads\/2021\/12\/LOGO-ENERO2.png","type":"image\/png"}],"twitter_card":"summary_large_image","twitter_site":"@eneroarq","twitter_misc":{"Temps estimat de lectura":"2 minuts"},"schema":{"@context":"https:\/\/schema.org","@graph":[{"@type":"WebPage","@id":"https:\/\/www.eneroarquitectura.com\/ca\/politica-de-qualitat-i-medi-ambient\/","url":"https:\/\/www.eneroarquitectura.com\/ca\/politica-de-qualitat-i-medi-ambient\/","name":"Pol\u00edtica de qualitat i medi ambient | Enero Arquitectura","isPartOf":{"@id":"https:\/\/www.eneroarquitectura.com\/#website"},"datePublished":"2018-06-08T10:57:26+00:00","dateModified":"2021-01-17T10:55:51+00:00","breadcrumb":{"@id":"https:\/\/www.eneroarquitectura.com\/ca\/politica-de-qualitat-i-medi-ambient\/#breadcrumb"},"inLanguage":"ca","potentialAction":[{"@type":"ReadAction","target":["https:\/\/www.eneroarquitectura.com\/ca\/politica-de-qualitat-i-medi-ambient\/"]}]},{"@type":"BreadcrumbList","@id":"https:\/\/www.eneroarquitectura.com\/ca\/politica-de-qualitat-i-medi-ambient\/#breadcrumb","itemListElement":[{"@type":"ListItem","position":1,"name":"Portada","item":"https:\/\/www.eneroarquitectura.com\/ca\/"},{"@type":"ListItem","position":2,"name":"Pol\u00edtica de qualitat i medi ambient"}]},{"@type":"WebSite","@id":"https:\/\/www.eneroarquitectura.com\/#website","url":"https:\/\/www.eneroarquitectura.com\/","name":"Enero Arquitectura","description":"Estudio de arquitectura, referente de la arquitectura hospitalaria en Espa\u00f1a, con m\u00e1s de 2.000.000 m2 de proyectos realizados.","publisher":{"@id":"https:\/\/www.eneroarquitectura.com\/#organization"},"potentialAction":[{"@type":"SearchAction","target":{"@type":"EntryPoint","urlTemplate":"https:\/\/www.eneroarquitectura.com\/?s={search_term_string}"},"query-input":{"@type":"PropertyValueSpecification","valueRequired":true,"valueName":"search_term_string"}}],"inLanguage":"ca"},{"@type":"Organization","@id":"https:\/\/www.eneroarquitectura.com\/#organization","name":"ENERO ARQUITECTURA SLP","url":"https:\/\/www.eneroarquitectura.com\/","logo":{"@type":"ImageObject","inLanguage":"ca","@id":"https:\/\/www.eneroarquitectura.com\/#\/schema\/logo\/image\/","url":"https:\/\/www.eneroarquitectura.com\/wp-content\/uploads\/2021\/12\/LOGO-ENERO2.png","contentUrl":"https:\/\/www.eneroarquitectura.com\/wp-content\/uploads\/2021\/12\/LOGO-ENERO2.png","width":2382,"height":365,"caption":"ENERO ARQUITECTURA SLP"},"image":{"@id":"https:\/\/www.eneroarquitectura.com\/#\/schema\/logo\/image\/"},"sameAs":["https:\/\/es-es.facebook.com\/eneroarquitectura\/","https:\/\/x.com\/eneroarq","https:\/\/www.instagram.com\/eneroarquitectura\/?hl=es","https:\/\/es.linkedin.com\/company\/eneroarquitectura","https:\/\/www.pinterest.es\/eneroarq\/","https:\/\/www.youtube.com\/channel\/UClpI42aeTDSRoK9Ldx8cACw"]}]}},"_links":{"self":[{"href":"https:\/\/www.eneroarquitectura.com\/ca\/wp-json\/wp\/v2\/pages\/3543","targetHints":{"allow":["GET"]}}],"collection":[{"href":"https:\/\/www.eneroarquitectura.com\/ca\/wp-json\/wp\/v2\/pages"}],"about":[{"href":"https:\/\/www.eneroarquitectura.com\/ca\/wp-json\/wp\/v2\/types\/page"}],"author":[{"embeddable":true,"href":"https:\/\/www.eneroarquitectura.com\/ca\/wp-json\/wp\/v2\/users\/1"}],"replies":[{"embeddable":true,"href":"https:\/\/www.eneroarquitectura.com\/ca\/wp-json\/wp\/v2\/comments?post=3543"}],"version-history":[{"count":5,"href":"https:\/\/www.eneroarquitectura.com\/ca\/wp-json\/wp\/v2\/pages\/3543\/revisions"}],"predecessor-version":[{"id":3549,"href":"https:\/\/www.eneroarquitectura.com\/ca\/wp-json\/wp\/v2\/pages\/3543\/revisions\/3549"}],"wp:attachment":[{"href":"https:\/\/www.eneroarquitectura.com\/ca\/wp-json\/wp\/v2\/media?parent=3543"}],"curies":[{"name":"wp","href":"https:\/\/api.w.org\/{rel}","templated":true}]}}