{"id":5118,"date":"2023-01-10T17:16:01","date_gmt":"2023-01-10T17:16:01","guid":{"rendered":"https:\/\/www.eneroarquitectura.com\/arquitectura-hospitalaria\/"},"modified":"2023-10-25T06:51:30","modified_gmt":"2023-10-25T06:51:30","slug":"arquitectura-hospitalaria","status":"publish","type":"page","link":"https:\/\/www.eneroarquitectura.com\/ca\/arquitectura-hospitalaria\/","title":{"rendered":"Arquitectura hospital\u00e0ria"},"content":{"rendered":"<p>[vc_row][vc_column][vc_empty_space][\/vc_column][\/vc_row][vc_row][vc_column width=&#8221;1\/2&#8243;]<div class=\"edgtf-image-gallery  edgtf-ig-masonry-type edgtf-small-space  edgtf-image-behavior-lightbox \">\n\t<div class=\"edgtf-ig-inner edgtf-outer-space edgtf-ig-masonry edgtf-ig-two-columns\">\n\t\t<div class=\"edgtf-ig-grid-sizer\"><\/div>\n\t\t<div class=\"edgtf-ig-grid-gutter\"><\/div>\n\t\t\t\t\t\t\t\t<div class=\"edgtf-ig-image edgtf-item-space edgtf-large-masonry-item\">\n\t\t\t\t<div class=\"edgtf-ig-image-inner\">\n\t\t\t\t\t\t\t\t\t\t\t<a itemprop=\"image\" class=\"edgtf-ig-lightbox\" href=\"https:\/\/www.eneroarquitectura.com\/wp-content\/uploads\/2023\/01\/arquitectura-hospitalaria-1.jpg\" data-rel=\"prettyPhoto[image_gallery_pretty_photo-491]\" title=\"arquitectura-hospitalaria-1\">\n\t\t\t\t\t\t\t\t\t\t\t<img loading=\"lazy\" decoding=\"async\" width=\"1000\" height=\"727\" src=\"https:\/\/www.eneroarquitectura.com\/wp-content\/uploads\/2023\/01\/arquitectura-hospitalaria-1.jpg\" class=\"attachment-edgtf-large-masonry-item size-edgtf-large-masonry-item\" alt=\"\" srcset=\"https:\/\/www.eneroarquitectura.com\/wp-content\/uploads\/2023\/01\/arquitectura-hospitalaria-1.jpg 1000w, https:\/\/www.eneroarquitectura.com\/wp-content\/uploads\/2023\/01\/arquitectura-hospitalaria-1-300x218.jpg 300w, https:\/\/www.eneroarquitectura.com\/wp-content\/uploads\/2023\/01\/arquitectura-hospitalaria-1-768x558.jpg 768w\" sizes=\"auto, (max-width: 1000px) 100vw, 1000px\" \/>\t\t\t\t\t\t\t\t\t\t\t<\/a>\n\t\t\t\t\t\t\t\t\t<\/div>\n\t\t\t<\/div>\n\t\t\t\t\t\t\t\t<div class=\"edgtf-ig-image edgtf-item-space \">\n\t\t\t\t<div class=\"edgtf-ig-image-inner\">\n\t\t\t\t\t\t\t\t\t\t\t<a itemprop=\"image\" class=\"edgtf-ig-lightbox\" href=\"https:\/\/www.eneroarquitectura.com\/wp-content\/uploads\/2023\/01\/F.NORTE-DET6-7.jpg\" data-rel=\"prettyPhoto[image_gallery_pretty_photo-491]\" title=\"F.NORTE-DET6-7\">\n\t\t\t\t\t\t\t\t\t\t\t<img loading=\"lazy\" decoding=\"async\" width=\"500\" height=\"600\" src=\"https:\/\/www.eneroarquitectura.com\/wp-content\/uploads\/2023\/01\/F.NORTE-DET6-7.jpg\" class=\"attachment- size-\" alt=\"\" srcset=\"https:\/\/www.eneroarquitectura.com\/wp-content\/uploads\/2023\/01\/F.NORTE-DET6-7.jpg 500w, https:\/\/www.eneroarquitectura.com\/wp-content\/uploads\/2023\/01\/F.NORTE-DET6-7-250x300.jpg 250w\" sizes=\"auto, (max-width: 500px) 100vw, 500px\" \/>\t\t\t\t\t\t\t\t\t\t\t<\/a>\n\t\t\t\t\t\t\t\t\t<\/div>\n\t\t\t<\/div>\n\t\t\t\t\t\t\t\t<div class=\"edgtf-ig-image edgtf-item-space edgtf-default-masonry-item\">\n\t\t\t\t<div class=\"edgtf-ig-image-inner\">\n\t\t\t\t\t\t\t\t\t\t\t<a itemprop=\"image\" class=\"edgtf-ig-lightbox\" href=\"https:\/\/www.eneroarquitectura.com\/wp-content\/uploads\/2023\/01\/arquitectura-hospitalaria-4.jpg\" data-rel=\"prettyPhoto[image_gallery_pretty_photo-491]\" title=\"arquitectura-hospitalaria-4\">\n\t\t\t\t\t\t\t\t\t\t\t<img loading=\"lazy\" decoding=\"async\" width=\"500\" height=\"600\" src=\"https:\/\/www.eneroarquitectura.com\/wp-content\/uploads\/2023\/01\/arquitectura-hospitalaria-4.jpg\" class=\"attachment-edgtf-default-masonry-item size-edgtf-default-masonry-item\" alt=\"\" srcset=\"https:\/\/www.eneroarquitectura.com\/wp-content\/uploads\/2023\/01\/arquitectura-hospitalaria-4.jpg 500w, https:\/\/www.eneroarquitectura.com\/wp-content\/uploads\/2023\/01\/arquitectura-hospitalaria-4-250x300.jpg 250w\" sizes=\"auto, (max-width: 500px) 100vw, 500px\" \/>\t\t\t\t\t\t\t\t\t\t\t<\/a>\n\t\t\t\t\t\t\t\t\t<\/div>\n\t\t\t<\/div>\n\t\t\t\t\t\t\t\t<div class=\"edgtf-ig-image edgtf-item-space edgtf-large-masonry-item\">\n\t\t\t\t<div class=\"edgtf-ig-image-inner\">\n\t\t\t\t\t\t\t\t\t\t\t<a itemprop=\"image\" class=\"edgtf-ig-lightbox\" href=\"https:\/\/www.eneroarquitectura.com\/wp-content\/uploads\/2023\/01\/arquitectura-hospitalaria-3.jpg\" data-rel=\"prettyPhoto[image_gallery_pretty_photo-491]\" title=\"arquitectura-hospitalaria-3\">\n\t\t\t\t\t\t\t\t\t\t\t<img loading=\"lazy\" decoding=\"async\" width=\"1000\" height=\"600\" src=\"https:\/\/www.eneroarquitectura.com\/wp-content\/uploads\/2023\/01\/arquitectura-hospitalaria-3.jpg\" class=\"attachment-edgtf-large-masonry-item size-edgtf-large-masonry-item\" alt=\"\" srcset=\"https:\/\/www.eneroarquitectura.com\/wp-content\/uploads\/2023\/01\/arquitectura-hospitalaria-3.jpg 1000w, https:\/\/www.eneroarquitectura.com\/wp-content\/uploads\/2023\/01\/arquitectura-hospitalaria-3-300x180.jpg 300w, https:\/\/www.eneroarquitectura.com\/wp-content\/uploads\/2023\/01\/arquitectura-hospitalaria-3-768x461.jpg 768w\" sizes=\"auto, (max-width: 1000px) 100vw, 1000px\" \/>\t\t\t\t\t\t\t\t\t\t\t<\/a>\n\t\t\t\t\t\t\t\t\t<\/div>\n\t\t\t<\/div>\n\t\t\t\t\t\t\t\t<div class=\"edgtf-ig-image edgtf-item-space edgtf-large-masonry-item\">\n\t\t\t\t<div class=\"edgtf-ig-image-inner\">\n\t\t\t\t\t\t\t\t\t\t\t<a itemprop=\"image\" class=\"edgtf-ig-lightbox\" href=\"https:\/\/www.eneroarquitectura.com\/wp-content\/uploads\/2023\/01\/MOSAICO-2-transformed.jpeg\" data-rel=\"prettyPhoto[image_gallery_pretty_photo-491]\" title=\"MOSAICO-2-transformed\">\n\t\t\t\t\t\t\t\t\t\t\t<img loading=\"lazy\" decoding=\"async\" width=\"1000\" height=\"1200\" src=\"https:\/\/www.eneroarquitectura.com\/wp-content\/uploads\/2023\/01\/MOSAICO-2-transformed.jpeg\" class=\"attachment-edgtf-large-masonry-item size-edgtf-large-masonry-item\" alt=\"\" srcset=\"https:\/\/www.eneroarquitectura.com\/wp-content\/uploads\/2023\/01\/MOSAICO-2-transformed.jpeg 1000w, https:\/\/www.eneroarquitectura.com\/wp-content\/uploads\/2023\/01\/MOSAICO-2-transformed-250x300.jpeg 250w, https:\/\/www.eneroarquitectura.com\/wp-content\/uploads\/2023\/01\/MOSAICO-2-transformed-853x1024.jpeg 853w, https:\/\/www.eneroarquitectura.com\/wp-content\/uploads\/2023\/01\/MOSAICO-2-transformed-768x922.jpeg 768w\" sizes=\"auto, (max-width: 1000px) 100vw, 1000px\" \/>\t\t\t\t\t\t\t\t\t\t\t<\/a>\n\t\t\t\t\t\t\t\t\t<\/div>\n\t\t\t<\/div>\n\t\t\t<\/div>\n<\/div>[\/vc_column][vc_column width=&#8221;1\/2&#8243;]<div class=\"edgtf-section-title-holder  edgtf-st-standard  edgtf-st-position-left edgtf-appear-fx\" >\n\t\t<div class=\"edgtf-st-inner\">\n                    <div class=\"edgtf-st-title-holder\">\n                <h5 class=\"edgtf-st-title\" style=\"color: #000000\">\n                    Som especialistes en arquitectura hospital\u00e0ria des de fa m\u00e9s de 17 anys. Projectem una arquitectura compromesa per a la cura integrant tecnologia i innovaci\u00f3.                <\/h5>\n            <\/div>\n\t\t\t\t\t<\/div>\n    <\/div>[vc_column_text]<\/p>\n<h2 style=\"font-size: 18px;\">ARQUITECTURA PER A LA CURA<\/h2>\n<p>Des de ENERO Arquitectura projectem <a href=\"\/?page_id=5118\">arquitectura hospital\u00e0ria<\/a> des de fa m\u00e9s de 17 anys. Per a nosaltres el nostre treball \u00e9s molt m\u00e9s que la conceptualitzaci\u00f3 i projecci\u00f3 d&#8217;un edifici: acompanyem el canvi de paradigma en aquest \u00e0mbit. En els nostres projectes, els espais sanitaris tenen com a eix vertebrador a l&#8217;usuari i el seu entorn. L&#8217;arquitectura hospital\u00e0ria forma part del proc\u00e9s de cura i recuperaci\u00f3. Per a aix\u00f2, la tecnologia i la innovaci\u00f3 s\u00f3n els nostres aliats, dotant als centres d&#8217;efici\u00e8ncia i funcionalitat imprescindibles en els espais per a la salut. La humanitzaci\u00f3 dels espais per a la salut \u00e9s la nostra prioritat.<\/p>\n<h2 style=\"font-size: 18px;\">EL COMPROM\u00cdS AMB L&#8217;ARQUITECTURA HOSPITAL\u00c0RIA: TRAJECT\u00d2RIA I EQUIP<\/h2>\n<p>Comptem amb un equip multidisciplinari d&#8217;arquitectes, arquitectes t\u00e8cnics i enginyers amb diferents formacions que treballen conjuntament per a brindar un servei centrat en la cerca de l&#8217;excel\u00b7l\u00e8ncia. Els nostres equips s\u00f3n especialitzats, independents i coordinats gr\u00e0cies a les eines d&#8217;\u00faltima generaci\u00f3 com la metodologia BIM aplicada als nostres projectes.<\/p>\n<p>Des de 2006, la nostra \u00e0mplia traject\u00f2ria professional ens ha portat aconseguir un volum de projectes realitzats de m\u00e9s de 3.000.000 de m\u00b2, sent l&#8217;\u00e0rea d&#8217;arquitectura hospital\u00e0ria on aconseguim el nostre major desenvolupament amb 545 437 m\u00b2 (alguns en construcci\u00f3) en tota Espanya, \u00c0frica i Llatinoam\u00e8rica. Entre els nostres projectes realitzats es troben alguns destacats com <a href=\"\/?p=3351\">l&#8217;Hospital Universitari Collado Villalba<\/a>, <a href=\"\/?p=3379\">l&#8217;Hospital Quir\u00f3nsalud C\u00f3rdoba<\/a>, la reforma integral de <a href=\"https:\/\/www.eneroarquitectura.com\/ca\/portfolio-item\/remodelacion-integral-del-hospital-universitario-fundacion-jimenez-diaz\/\">l&#8217;Hospital Universitari Fundaci\u00f3 Jim\u00e9nez D\u00edaz<\/a>, el FIV Hospital Ruber Internacional, Madrid, <a href=\"\/?p=4325\">l&#8217;Hospital Quir\u00f3nsalud Valle de l&#8217;Henares<\/a>, el <a href=\"https:\/\/www.eneroarquitectura.com\/ca\/portfolio-item\/olympia-el-centro-medico-para-el-cuidado-y-la-optimizacion-de-la-salud\/\">Medical &amp; Sport Center Olympia a la Torre Caleido<\/a>, l&#8217;Ampliaci\u00f3 i Reforma de <a href=\"https:\/\/www.eneroarquitectura.com\/ca\/portfolio-item\/hospital-de-pozuelo\/\">l&#8217;Hospital Universitari Quir\u00f3nsalud Madrid<\/a>. A m\u00e9s hem estat pioners en la construcci\u00f3 del primer Centre de Protonterapia a Espanya amb el <a href=\"\/?p=3330\">Centre de Protonterapia Quir\u00f3nsalud Pozuelo a Madrid<\/a>. Tenim nombrosos projectes en curs com: el nou Hospital Quir\u00f3nsalud Zaragoza , el nou Hospital Quir\u00f3nsalud Badalona, Animalario de Contenci\u00f3 Biol\u00f2gica (NCB 3) Laboratori Central de Veterin\u00e0ria (MAPA), l&#8217;edifici de consultes externes Hospital Universitari Rei Joan Carles de M\u00f3stoles, la reforma Torre 4 Hospital Universitari Infanta Sof\u00eda la cl\u00ednica de Cardiologia en Abidjan a Costa d&#8217;Ivori, la reforma Hospital Verge dells Lliris a Alcoi i l&#8217;Hospital Universitari Sagrat Cor i l&#8217;Hospital General de Catalunya tots dos a Barcelona.<\/p>\n<h2 style=\"font-size: 18px;\">ACOMPANYEM ALS NOSTRES CLIENTS A trav\u00e9s DE SERVEIS INTEGRALS<\/h2>\n<p>Entre els nostres principals clients comptem amb els principals gestors sanitaris del sector p\u00fablic\/privat aix\u00ed com institucions i empreses reconegudes: Grup Quir\u00f3nsalud, Sanitas, Fraternitat Muprespa, Parc Sanitari Pere Virgili, SERMAS, Generalitat Valenciana, Conselleria de Sanitat Servei Madrileny de Salut, Hospital Universitari Pr\u00edncep d&#8217;Ast\u00faries, Arabian International Healthcare H\u00f2lding company, etc.<\/p>\n<p>&nbsp;<\/p>\n<p>Acompanyem als nostres clients a trav\u00e9s de diferents serveis: Arquitectura Hospital\u00e0ria, Enginyeria Hospital\u00e0ria i Consultoria amb els m\u00e9s alts est\u00e0ndards d&#8217;excel\u00b7l\u00e8ncia, oferint un servei integral orientat a construir relacions de llarg termini amb els nostres clients. El nostre model de negoci es caracteritza per cobrir totes les fases del proc\u00e9s arquitect\u00f2nic i som presents en tota la cadena de valor de qualsevol projecte abordat. El disseny i la innovaci\u00f3 s\u00f3n presents en cada fase de desenvolupament de GENER Arquitectura per a aconseguir projectes excel\u00b7lents i singulars. Cada projecte revela una personalitat pr\u00f2pia, reflex del comprom\u00eds total assumit amb el client, tenint present en tot moment a l&#8217;usuari final, el seu benestar i la sostenibilitat del medi ambient.<\/p>\n<h2 style=\"font-size: 18px;\">RECONEIXEMENTS AL NOSTRE TREBALL D&#8217;ARQUITECTURA HOSPITAL\u00c0RIA<\/h2>\n<p>Comptem amb diferents premis i reconeixements en l&#8217;\u00e0mbit de l&#8217;arquitectura hospital\u00e0ria. El projecte arquitect\u00f2nic Hospital Quir\u00f3nSalud C\u00f3rdoba va rebre l&#8217;\u00abEsment d&#8217;Honor\u00bb en la 12\u00e8 edici\u00f3 dels prestigiosos premis Yuanye, organitzats pel mitj\u00e0 xin\u00e8s Global Design. Un reconeixement que premia l&#8217;excel\u00b7l\u00e8ncia en el disseny arquitect\u00f2nic i urban\u00edstic a nivell mundial. L&#8217;Hospital Universitari de Collado Villalba va rebre el premi Design &amp; Health International Academy (Highly Commended) en 2013.[\/vc_column_text][\/vc_column][\/vc_row]<\/p>\n","protected":false},"excerpt":{"rendered":"<p>[vc_row][vc_column][vc_empty_space][\/vc_column][\/vc_row][vc_row][vc_column width=&#8221;1\/2&#8243;][\/vc_column][vc_column width=&#8221;1\/2&#8243;][vc_column_text] ARQUITECTURA PER A LA CURA Des de ENERO Arquitectura projectem arquitectura hospital\u00e0ria des de fa m\u00e9s de 17 anys. Per a nosaltres el nostre treball \u00e9s molt m\u00e9s que la conceptualitzaci\u00f3 i projecci\u00f3 d&#8217;un edifici: acompanyem el [&hellip;]<\/p>\n","protected":false},"author":1,"featured_media":0,"parent":0,"menu_order":0,"comment_status":"closed","ping_status":"closed","template":"template-seo.php","meta":{"footnotes":""},"class_list":["post-5118","page","type-page","status-publish","hentry"],"yoast_head":"<!-- This site is optimized with the Yoast SEO plugin v26.4 - https:\/\/yoast.com\/wordpress\/plugins\/seo\/ -->\n<title>Arquitectura hospital\u00e0ria | Enero Arquitectura<\/title>\n<meta name=\"description\" content=\"Coneix l&#039;experi\u00e8ncia en arquitectura hospital\u00e0ria de m\u00e9s de 16 anys d&#039;acompliment. entorn. L&#039;arquitectura hospital\u00e0ria forma part del proc\u00e9s de cura i recuperaci\u00f3. Tecnologia i innovaci\u00f3, efici\u00e8ncia i funcionalitat imprescindibles en els espais per a la salut. La humanitzaci\u00f3 dels espais per a la salut \u00e9s la prioritat.\" \/>\n<meta name=\"robots\" content=\"index, follow, max-snippet:-1, max-image-preview:large, max-video-preview:-1\" \/>\n<link rel=\"canonical\" href=\"https:\/\/www.eneroarquitectura.com\/ca\/arquitectura-hospitalaria\/\" \/>\n<meta property=\"og:locale\" content=\"ca_ES\" \/>\n<meta property=\"og:type\" content=\"article\" \/>\n<meta property=\"og:title\" content=\"Arquitectura hospital\u00e0ria | Enero Arquitectura\" \/>\n<meta property=\"og:description\" content=\"Coneix l&#039;experi\u00e8ncia en arquitectura hospital\u00e0ria de m\u00e9s de 16 anys d&#039;acompliment. entorn. L&#039;arquitectura hospital\u00e0ria forma part del proc\u00e9s de cura i recuperaci\u00f3. Tecnologia i innovaci\u00f3, efici\u00e8ncia i funcionalitat imprescindibles en els espais per a la salut. La humanitzaci\u00f3 dels espais per a la salut \u00e9s la prioritat.\" \/>\n<meta property=\"og:url\" content=\"https:\/\/www.eneroarquitectura.com\/ca\/arquitectura-hospitalaria\/\" \/>\n<meta property=\"og:site_name\" content=\"Enero Arquitectura\" \/>\n<meta property=\"article:publisher\" content=\"https:\/\/es-es.facebook.com\/eneroarquitectura\/\" \/>\n<meta property=\"article:modified_time\" content=\"2023-10-25T06:51:30+00:00\" \/>\n<meta property=\"og:image\" content=\"https:\/\/www.eneroarquitectura.com\/wp-content\/uploads\/2021\/12\/LOGO-ENERO2.png\" \/>\n\t<meta property=\"og:image:width\" content=\"2382\" \/>\n\t<meta property=\"og:image:height\" content=\"365\" \/>\n\t<meta property=\"og:image:type\" content=\"image\/png\" \/>\n<meta name=\"twitter:card\" content=\"summary_large_image\" \/>\n<meta name=\"twitter:site\" content=\"@eneroarq\" \/>\n<meta name=\"twitter:label1\" content=\"Temps estimat de lectura\" \/>\n\t<meta name=\"twitter:data1\" content=\"3 minuts\" \/>\n<script type=\"application\/ld+json\" class=\"yoast-schema-graph\">{\"@context\":\"https:\/\/schema.org\",\"@graph\":[{\"@type\":\"WebPage\",\"@id\":\"https:\/\/www.eneroarquitectura.com\/ca\/arquitectura-hospitalaria\/\",\"url\":\"https:\/\/www.eneroarquitectura.com\/ca\/arquitectura-hospitalaria\/\",\"name\":\"Arquitectura hospital\u00e0ria | Enero Arquitectura\",\"isPartOf\":{\"@id\":\"https:\/\/www.eneroarquitectura.com\/#website\"},\"datePublished\":\"2023-01-10T17:16:01+00:00\",\"dateModified\":\"2023-10-25T06:51:30+00:00\",\"description\":\"Coneix l'experi\u00e8ncia en arquitectura hospital\u00e0ria de m\u00e9s de 16 anys d'acompliment. entorn. L'arquitectura hospital\u00e0ria forma part del proc\u00e9s de cura i recuperaci\u00f3. Tecnologia i innovaci\u00f3, efici\u00e8ncia i funcionalitat imprescindibles en els espais per a la salut. La humanitzaci\u00f3 dels espais per a la salut \u00e9s la prioritat.\",\"breadcrumb\":{\"@id\":\"https:\/\/www.eneroarquitectura.com\/ca\/arquitectura-hospitalaria\/#breadcrumb\"},\"inLanguage\":\"ca\",\"potentialAction\":[{\"@type\":\"ReadAction\",\"target\":[\"https:\/\/www.eneroarquitectura.com\/ca\/arquitectura-hospitalaria\/\"]}]},{\"@type\":\"BreadcrumbList\",\"@id\":\"https:\/\/www.eneroarquitectura.com\/ca\/arquitectura-hospitalaria\/#breadcrumb\",\"itemListElement\":[{\"@type\":\"ListItem\",\"position\":1,\"name\":\"Portada\",\"item\":\"https:\/\/www.eneroarquitectura.com\/ca\/\"},{\"@type\":\"ListItem\",\"position\":2,\"name\":\"Arquitectura hospital\u00e0ria\"}]},{\"@type\":\"WebSite\",\"@id\":\"https:\/\/www.eneroarquitectura.com\/#website\",\"url\":\"https:\/\/www.eneroarquitectura.com\/\",\"name\":\"Enero Arquitectura\",\"description\":\"Estudio de arquitectura, referente de la arquitectura hospitalaria en Espa\u00f1a, con m\u00e1s de 2.000.000 m2 de proyectos realizados.\",\"publisher\":{\"@id\":\"https:\/\/www.eneroarquitectura.com\/#organization\"},\"potentialAction\":[{\"@type\":\"SearchAction\",\"target\":{\"@type\":\"EntryPoint\",\"urlTemplate\":\"https:\/\/www.eneroarquitectura.com\/?s={search_term_string}\"},\"query-input\":{\"@type\":\"PropertyValueSpecification\",\"valueRequired\":true,\"valueName\":\"search_term_string\"}}],\"inLanguage\":\"ca\"},{\"@type\":\"Organization\",\"@id\":\"https:\/\/www.eneroarquitectura.com\/#organization\",\"name\":\"ENERO ARQUITECTURA SLP\",\"url\":\"https:\/\/www.eneroarquitectura.com\/\",\"logo\":{\"@type\":\"ImageObject\",\"inLanguage\":\"ca\",\"@id\":\"https:\/\/www.eneroarquitectura.com\/#\/schema\/logo\/image\/\",\"url\":\"https:\/\/www.eneroarquitectura.com\/wp-content\/uploads\/2021\/12\/LOGO-ENERO2.png\",\"contentUrl\":\"https:\/\/www.eneroarquitectura.com\/wp-content\/uploads\/2021\/12\/LOGO-ENERO2.png\",\"width\":2382,\"height\":365,\"caption\":\"ENERO ARQUITECTURA SLP\"},\"image\":{\"@id\":\"https:\/\/www.eneroarquitectura.com\/#\/schema\/logo\/image\/\"},\"sameAs\":[\"https:\/\/es-es.facebook.com\/eneroarquitectura\/\",\"https:\/\/x.com\/eneroarq\",\"https:\/\/www.instagram.com\/eneroarquitectura\/?hl=es\",\"https:\/\/es.linkedin.com\/company\/eneroarquitectura\",\"https:\/\/www.pinterest.es\/eneroarq\/\",\"https:\/\/www.youtube.com\/channel\/UClpI42aeTDSRoK9Ldx8cACw\"]}]}<\/script>\n<!-- \/ Yoast SEO plugin. -->","yoast_head_json":{"title":"Arquitectura hospital\u00e0ria | Enero Arquitectura","description":"Coneix l'experi\u00e8ncia en arquitectura hospital\u00e0ria de m\u00e9s de 16 anys d'acompliment. entorn. L'arquitectura hospital\u00e0ria forma part del proc\u00e9s de cura i recuperaci\u00f3. Tecnologia i innovaci\u00f3, efici\u00e8ncia i funcionalitat imprescindibles en els espais per a la salut. La humanitzaci\u00f3 dels espais per a la salut \u00e9s la prioritat.","robots":{"index":"index","follow":"follow","max-snippet":"max-snippet:-1","max-image-preview":"max-image-preview:large","max-video-preview":"max-video-preview:-1"},"canonical":"https:\/\/www.eneroarquitectura.com\/ca\/arquitectura-hospitalaria\/","og_locale":"ca_ES","og_type":"article","og_title":"Arquitectura hospital\u00e0ria | Enero Arquitectura","og_description":"Coneix l'experi\u00e8ncia en arquitectura hospital\u00e0ria de m\u00e9s de 16 anys d'acompliment. entorn. L'arquitectura hospital\u00e0ria forma part del proc\u00e9s de cura i recuperaci\u00f3. Tecnologia i innovaci\u00f3, efici\u00e8ncia i funcionalitat imprescindibles en els espais per a la salut. La humanitzaci\u00f3 dels espais per a la salut \u00e9s la prioritat.","og_url":"https:\/\/www.eneroarquitectura.com\/ca\/arquitectura-hospitalaria\/","og_site_name":"Enero Arquitectura","article_publisher":"https:\/\/es-es.facebook.com\/eneroarquitectura\/","article_modified_time":"2023-10-25T06:51:30+00:00","og_image":[{"width":2382,"height":365,"url":"https:\/\/www.eneroarquitectura.com\/wp-content\/uploads\/2021\/12\/LOGO-ENERO2.png","type":"image\/png"}],"twitter_card":"summary_large_image","twitter_site":"@eneroarq","twitter_misc":{"Temps estimat de lectura":"3 minuts"},"schema":{"@context":"https:\/\/schema.org","@graph":[{"@type":"WebPage","@id":"https:\/\/www.eneroarquitectura.com\/ca\/arquitectura-hospitalaria\/","url":"https:\/\/www.eneroarquitectura.com\/ca\/arquitectura-hospitalaria\/","name":"Arquitectura hospital\u00e0ria | Enero Arquitectura","isPartOf":{"@id":"https:\/\/www.eneroarquitectura.com\/#website"},"datePublished":"2023-01-10T17:16:01+00:00","dateModified":"2023-10-25T06:51:30+00:00","description":"Coneix l'experi\u00e8ncia en arquitectura hospital\u00e0ria de m\u00e9s de 16 anys d'acompliment. entorn. L'arquitectura hospital\u00e0ria forma part del proc\u00e9s de cura i recuperaci\u00f3. Tecnologia i innovaci\u00f3, efici\u00e8ncia i funcionalitat imprescindibles en els espais per a la salut. La humanitzaci\u00f3 dels espais per a la salut \u00e9s la prioritat.","breadcrumb":{"@id":"https:\/\/www.eneroarquitectura.com\/ca\/arquitectura-hospitalaria\/#breadcrumb"},"inLanguage":"ca","potentialAction":[{"@type":"ReadAction","target":["https:\/\/www.eneroarquitectura.com\/ca\/arquitectura-hospitalaria\/"]}]},{"@type":"BreadcrumbList","@id":"https:\/\/www.eneroarquitectura.com\/ca\/arquitectura-hospitalaria\/#breadcrumb","itemListElement":[{"@type":"ListItem","position":1,"name":"Portada","item":"https:\/\/www.eneroarquitectura.com\/ca\/"},{"@type":"ListItem","position":2,"name":"Arquitectura hospital\u00e0ria"}]},{"@type":"WebSite","@id":"https:\/\/www.eneroarquitectura.com\/#website","url":"https:\/\/www.eneroarquitectura.com\/","name":"Enero Arquitectura","description":"Estudio de arquitectura, referente de la arquitectura hospitalaria en Espa\u00f1a, con m\u00e1s de 2.000.000 m2 de proyectos realizados.","publisher":{"@id":"https:\/\/www.eneroarquitectura.com\/#organization"},"potentialAction":[{"@type":"SearchAction","target":{"@type":"EntryPoint","urlTemplate":"https:\/\/www.eneroarquitectura.com\/?s={search_term_string}"},"query-input":{"@type":"PropertyValueSpecification","valueRequired":true,"valueName":"search_term_string"}}],"inLanguage":"ca"},{"@type":"Organization","@id":"https:\/\/www.eneroarquitectura.com\/#organization","name":"ENERO ARQUITECTURA SLP","url":"https:\/\/www.eneroarquitectura.com\/","logo":{"@type":"ImageObject","inLanguage":"ca","@id":"https:\/\/www.eneroarquitectura.com\/#\/schema\/logo\/image\/","url":"https:\/\/www.eneroarquitectura.com\/wp-content\/uploads\/2021\/12\/LOGO-ENERO2.png","contentUrl":"https:\/\/www.eneroarquitectura.com\/wp-content\/uploads\/2021\/12\/LOGO-ENERO2.png","width":2382,"height":365,"caption":"ENERO ARQUITECTURA SLP"},"image":{"@id":"https:\/\/www.eneroarquitectura.com\/#\/schema\/logo\/image\/"},"sameAs":["https:\/\/es-es.facebook.com\/eneroarquitectura\/","https:\/\/x.com\/eneroarq","https:\/\/www.instagram.com\/eneroarquitectura\/?hl=es","https:\/\/es.linkedin.com\/company\/eneroarquitectura","https:\/\/www.pinterest.es\/eneroarq\/","https:\/\/www.youtube.com\/channel\/UClpI42aeTDSRoK9Ldx8cACw"]}]}},"_links":{"self":[{"href":"https:\/\/www.eneroarquitectura.com\/ca\/wp-json\/wp\/v2\/pages\/5118","targetHints":{"allow":["GET"]}}],"collection":[{"href":"https:\/\/www.eneroarquitectura.com\/ca\/wp-json\/wp\/v2\/pages"}],"about":[{"href":"https:\/\/www.eneroarquitectura.com\/ca\/wp-json\/wp\/v2\/types\/page"}],"author":[{"embeddable":true,"href":"https:\/\/www.eneroarquitectura.com\/ca\/wp-json\/wp\/v2\/users\/1"}],"replies":[{"embeddable":true,"href":"https:\/\/www.eneroarquitectura.com\/ca\/wp-json\/wp\/v2\/comments?post=5118"}],"version-history":[{"count":6,"href":"https:\/\/www.eneroarquitectura.com\/ca\/wp-json\/wp\/v2\/pages\/5118\/revisions"}],"predecessor-version":[{"id":5502,"href":"https:\/\/www.eneroarquitectura.com\/ca\/wp-json\/wp\/v2\/pages\/5118\/revisions\/5502"}],"wp:attachment":[{"href":"https:\/\/www.eneroarquitectura.com\/ca\/wp-json\/wp\/v2\/media?parent=5118"}],"curies":[{"name":"wp","href":"https:\/\/api.w.org\/{rel}","templated":true}]}}